{"id":11,"date":"2015-11-26T19:43:14","date_gmt":"2015-11-26T17:43:14","guid":{"rendered":"http:\/\/www.zirmuneliai.vilnius.lm.lt\/?page_id=11"},"modified":"2024-03-29T21:28:01","modified_gmt":"2024-03-29T19:28:01","slug":"veikla","status":"publish","type":"page","link":"https:\/\/www.zirmuneliai.vilnius.lm.lt\/?page_id=11","title":{"rendered":"Veikla"},"content":{"rendered":"<p>Lop\u0161elio-dar\u017eelio veiklos sritis \u2013\u00a0<strong>\u0161vietimas\u00a0<\/strong>(kodas 85).<\/p>\n<p>Lop\u0161elio-dar\u017eelio pagrindin\u0117 \u0161vietimo veiklos r\u016b\u0161is \u2013\u00a0<strong>ikimokyklinio am\u017eiaus vaik\u0173 ugdymas\u00a0<\/strong>(kodas 85.10.10).<\/p>\n<p>Lop\u0161elio-dar\u017eelio kita \u0161vietimo veiklos r\u016b\u0161is \u2013\u00a0<strong>prie\u0161mokyklinio am\u017eiaus vaik\u0173 ugdymas\u00a0<\/strong>(kodas 85.10.20).<\/p>\n<p>Kitos\u00a0<strong>ne \u0161vietimo veiklos r\u016b\u0161ys:<\/strong><\/p>\n<ul>\n<li>kit\u0173 maitinimo paslaug\u0173 teikimas (kodas 56.29);<\/li>\n<li>pastat\u0173 remontas, restauravimas ir rekonstravimas (kodas 41.20.20);<\/li>\n<li>nuosavo arba nuomojamo nekilnojamojo turto nuoma ir eksploatavimas (kodas 68.20).<\/li>\n<\/ul>\n","protected":false},"excerpt":{"rendered":"<p>Lop\u0161elio-dar\u017eelio veiklos sritis \u2013\u00a0\u0161vietimas\u00a0(kodas 85). Lop\u0161elio-dar\u017eelio pagrindin\u0117 \u0161vietimo veiklos r\u016b\u0161is \u2013\u00a0ikimokyklinio am\u017eiaus vaik\u0173 ugdymas\u00a0(kodas 85.10.10). Lop\u0161elio-dar\u017eelio kita \u0161vietimo veiklos r\u016b\u0161is \u2013\u00a0prie\u0161mokyklinio am\u017eiaus vaik\u0173 ugdymas\u00a0(kodas 85.10.20). Kitos\u00a0ne \u0161vietimo veiklos r\u016b\u0161ys: kit\u0173 maitinimo paslaug\u0173 teikimas (kodas 56.29); pastat\u0173 remontas, restauravimas ir rekonstravimas (kodas 41.20.20); nuosavo arba nuomojamo nekilnojamojo turto nuoma ir eksploatavimas (kodas 68.20).<\/p>\n","protected":false},"author":1,"featured_media":0,"parent":0,"menu_order":1,"comment_status":"closed","ping_status":"closed","template":"","meta":{"footnotes":""},"_links":{"self":[{"href":"https:\/\/www.zirmuneliai.vilnius.lm.lt\/index.php?rest_route=\/wp\/v2\/pages\/11"}],"collection":[{"href":"https:\/\/www.zirmuneliai.vilnius.lm.lt\/index.php?rest_route=\/wp\/v2\/pages"}],"about":[{"href":"https:\/\/www.zirmuneliai.vilnius.lm.lt\/index.php?rest_route=\/wp\/v2\/types\/page"}],"author":[{"embeddable":true,"href":"https:\/\/www.zirmuneliai.vilnius.lm.lt\/index.php?rest_route=\/wp\/v2\/users\/1"}],"replies":[{"embeddable":true,"href":"https:\/\/www.zirmuneliai.vilnius.lm.lt\/index.php?rest_route=%2Fwp%2Fv2%2Fcomments&post=11"}],"version-history":[{"count":3,"href":"https:\/\/www.zirmuneliai.vilnius.lm.lt\/index.php?rest_route=\/wp\/v2\/pages\/11\/revisions"}],"predecessor-version":[{"id":505,"href":"https:\/\/www.zirmuneliai.vilnius.lm.lt\/index.php?rest_route=\/wp\/v2\/pages\/11\/revisions\/505"}],"wp:attachment":[{"href":"https:\/\/www.zirmuneliai.vilnius.lm.lt\/index.php?rest_route=%2Fwp%2Fv2%2Fmedia&parent=11"}],"curies":[{"name":"wp","href":"https:\/\/api.w.org\/{rel}","templated":true}]}}