{"id":1397,"date":"2023-12-14T18:46:44","date_gmt":"2023-12-14T16:46:44","guid":{"rendered":"http:\/\/www.zirmuneliai.vilnius.lm.lt\/?page_id=1397"},"modified":"2026-05-13T11:27:02","modified_gmt":"2026-05-13T08:27:02","slug":"teisine-informacija","status":"publish","type":"page","link":"https:\/\/www.zirmuneliai.vilnius.lm.lt\/?page_id=1397","title":{"rendered":"Teisin\u0117 informacija"},"content":{"rendered":"\n<p style=\"text-align: left;\"><a href=\"http:\/\/www.zirmuneliai.vilnius.lm.lt\/wp-content\/uploads\/2025\/05\/Aprasas-apsaugos-nuo-smurto.pdf\">Apsaugos nuo smurto artimoje aplinkoje \u012fgyvendinimo apra\u0161as<\/a><\/p>\n<p><strong><a href=\"http:\/\/www.zirmuneliai.vilnius.lm.lt\/wp-content\/uploads\/2024\/10\/Vadovo-krepselio-paskirstymo-ir-panaudojimo-tvarkos-aprasas.pdf\">Vadovo krep\u0161elio paskirstymo ir panaudojimo tvarkos apra\u0161as<\/a><\/strong><\/p>\n<p><a href=\"http:\/\/www.zirmuneliai.vilnius.lm.lt\/wp-content\/uploads\/2023\/03\/Del-prasymo-STT-pateikti-informacija-del-pareigybiu-saraso_0001.pdf\">D\u0117l pareigybi\u0173 s\u0105ra\u0161o STT pateikti informacij\u0105<\/a><\/p>\n<p><a href=\"http:\/\/www.zirmuneliai.vilnius.lm.lt\/wp-content\/uploads\/2026\/03\/Dovanu-politikos-aprasas.pdf\">Dovan\u0173 politikos apra\u0161as<\/a><\/p>\n<p><a href=\"http:\/\/www.zirmuneliai.vilnius.lm.lt\/wp-content\/uploads\/2026\/05\/V-25.-Scan.pdf\">D\u0117l priva\u010di\u0173 interes\u0173 deklaravimo<\/a><\/p>\n","protected":false},"excerpt":{"rendered":"<p>Apsaugos nuo smurto artimoje aplinkoje \u012fgyvendinimo apra\u0161as Vadovo krep\u0161elio paskirstymo ir panaudojimo tvarkos apra\u0161as D\u0117l pareigybi\u0173 s\u0105ra\u0161o STT pateikti informacij\u0105 Dovan\u0173 politikos apra\u0161as D\u0117l priva\u010di\u0173 interes\u0173 deklaravimo<\/p>\n","protected":false},"author":1,"featured_media":0,"parent":0,"menu_order":3,"comment_status":"closed","ping_status":"closed","template":"","meta":{"footnotes":""},"_links":{"self":[{"href":"https:\/\/www.zirmuneliai.vilnius.lm.lt\/index.php?rest_route=\/wp\/v2\/pages\/1397"}],"collection":[{"href":"https:\/\/www.zirmuneliai.vilnius.lm.lt\/index.php?rest_route=\/wp\/v2\/pages"}],"about":[{"href":"https:\/\/www.zirmuneliai.vilnius.lm.lt\/index.php?rest_route=\/wp\/v2\/types\/page"}],"author":[{"embeddable":true,"href":"https:\/\/www.zirmuneliai.vilnius.lm.lt\/index.php?rest_route=\/wp\/v2\/users\/1"}],"replies":[{"embeddable":true,"href":"https:\/\/www.zirmuneliai.vilnius.lm.lt\/index.php?rest_route=%2Fwp%2Fv2%2Fcomments&post=1397"}],"version-history":[{"count":8,"href":"https:\/\/www.zirmuneliai.vilnius.lm.lt\/index.php?rest_route=\/wp\/v2\/pages\/1397\/revisions"}],"predecessor-version":[{"id":1945,"href":"https:\/\/www.zirmuneliai.vilnius.lm.lt\/index.php?rest_route=\/wp\/v2\/pages\/1397\/revisions\/1945"}],"wp:attachment":[{"href":"https:\/\/www.zirmuneliai.vilnius.lm.lt\/index.php?rest_route=%2Fwp%2Fv2%2Fmedia&parent=1397"}],"curies":[{"name":"wp","href":"https:\/\/api.w.org\/{rel}","templated":true}]}}