{"id":1443,"date":"2024-02-20T12:21:47","date_gmt":"2024-02-20T10:21:47","guid":{"rendered":"http:\/\/www.zirmuneliai.vilnius.lm.lt\/?page_id=1443"},"modified":"2024-02-20T12:21:47","modified_gmt":"2024-02-20T10:21:47","slug":"civiline-sauga","status":"publish","type":"page","link":"https:\/\/www.zirmuneliai.vilnius.lm.lt\/?page_id=1443","title":{"rendered":"Civilin\u0117 sauga"},"content":{"rendered":"\n<p>2023 metais buvo suplanuotos \u012fgyvendinti 27 ekstremali\u0173j\u0173 situacij\u0173 prevencijos priemon\u0117s, i\u0161 kuri\u0173 \u012fgyvendinta 20 prevencijos priemoni\u0173, kuri\u0173 veiksmingumas 74,1 proc.<br \/>7 prevencijos priemon\u0117s nebuvo \u012fgyvendintos d\u0117l to, kad neatsirado poreikis arba nei\u0161kilo b\u016btinyb\u0117 (nebuvo \u012fvyki\u0173).<\/p>\n","protected":false},"excerpt":{"rendered":"<p>2023 metais buvo suplanuotos \u012fgyvendinti 27 ekstremali\u0173j\u0173 situacij\u0173 prevencijos priemon\u0117s, i\u0161 kuri\u0173 \u012fgyvendinta 20 prevencijos priemoni\u0173, kuri\u0173 veiksmingumas 74,1 proc.7 prevencijos priemon\u0117s nebuvo \u012fgyvendintos d\u0117l to, kad neatsirado poreikis arba nei\u0161kilo b\u016btinyb\u0117 (nebuvo \u012fvyki\u0173).<\/p>\n","protected":false},"author":1,"featured_media":0,"parent":1399,"menu_order":7,"comment_status":"closed","ping_status":"closed","template":"","meta":{"footnotes":""},"_links":{"self":[{"href":"https:\/\/www.zirmuneliai.vilnius.lm.lt\/index.php?rest_route=\/wp\/v2\/pages\/1443"}],"collection":[{"href":"https:\/\/www.zirmuneliai.vilnius.lm.lt\/index.php?rest_route=\/wp\/v2\/pages"}],"about":[{"href":"https:\/\/www.zirmuneliai.vilnius.lm.lt\/index.php?rest_route=\/wp\/v2\/types\/page"}],"author":[{"embeddable":true,"href":"https:\/\/www.zirmuneliai.vilnius.lm.lt\/index.php?rest_route=\/wp\/v2\/users\/1"}],"replies":[{"embeddable":true,"href":"https:\/\/www.zirmuneliai.vilnius.lm.lt\/index.php?rest_route=%2Fwp%2Fv2%2Fcomments&post=1443"}],"version-history":[{"count":1,"href":"https:\/\/www.zirmuneliai.vilnius.lm.lt\/index.php?rest_route=\/wp\/v2\/pages\/1443\/revisions"}],"predecessor-version":[{"id":1444,"href":"https:\/\/www.zirmuneliai.vilnius.lm.lt\/index.php?rest_route=\/wp\/v2\/pages\/1443\/revisions\/1444"}],"up":[{"embeddable":true,"href":"https:\/\/www.zirmuneliai.vilnius.lm.lt\/index.php?rest_route=\/wp\/v2\/pages\/1399"}],"wp:attachment":[{"href":"https:\/\/www.zirmuneliai.vilnius.lm.lt\/index.php?rest_route=%2Fwp%2Fv2%2Fmedia&parent=1443"}],"curies":[{"name":"wp","href":"https:\/\/api.w.org\/{rel}","templated":true}]}}