{"id":15,"date":"2015-11-26T19:43:56","date_gmt":"2015-11-26T17:43:56","guid":{"rendered":"http:\/\/www.zirmuneliai.vilnius.lm.lt\/?page_id=15"},"modified":"2024-01-18T11:08:21","modified_gmt":"2024-01-18T09:08:21","slug":"planavimo-dokumentai","status":"publish","type":"page","link":"https:\/\/www.zirmuneliai.vilnius.lm.lt\/?page_id=15","title":{"rendered":"Planavimo dokumentai"},"content":{"rendered":"<p><a href=\"http:\/\/www.zirmuneliai.vilnius.lm.lt\/wp-content\/uploads\/2024\/01\/Elektroninio-dokumento-nuorasas-21.pdf\">Vilniaus lop\u0161elio-dar\u017eelio &#8222;\u017dirm\u016bn\u0117liai&#8221; 2023-2027 m. strateginis planas<\/a><\/p>\n<p><a href=\"http:\/\/www.zirmuneliai.vilnius.lm.lt\/wp-content\/uploads\/2015\/11\/Elektroninio-dokumento-nuora\u0161as.pdf\">Vilniaus lop\u0161elio-dar\u017eelio &#8222;\u017dirm\u016bn\u0117liai&#8221; 2018-2022 m. strateginis planas<\/a><\/p>\n<p><a href=\"http:\/\/www.zirmuneliai.vilnius.lm.lt\/wp-content\/uploads\/2015\/11\/zirmuneliai-strateg13-17.doc\">Vilniaus lop\u0161elio-dar\u017eelio &#8222;\u017dirm\u016bn\u0117liai&#8221; 2013-2017 m. strateginis planas<\/a><\/p>\n","protected":false},"excerpt":{"rendered":"<p>Vilniaus lop\u0161elio-dar\u017eelio &#8222;\u017dirm\u016bn\u0117liai&#8221; 2023-2027 m. strateginis planas Vilniaus lop\u0161elio-dar\u017eelio &#8222;\u017dirm\u016bn\u0117liai&#8221; 2018-2022 m. strateginis planas Vilniaus lop\u0161elio-dar\u017eelio &#8222;\u017dirm\u016bn\u0117liai&#8221; 2013-2017 m. strateginis planas<\/p>\n","protected":false},"author":1,"featured_media":0,"parent":1399,"menu_order":1,"comment_status":"closed","ping_status":"closed","template":"","meta":{"footnotes":""},"_links":{"self":[{"href":"https:\/\/www.zirmuneliai.vilnius.lm.lt\/index.php?rest_route=\/wp\/v2\/pages\/15"}],"collection":[{"href":"https:\/\/www.zirmuneliai.vilnius.lm.lt\/index.php?rest_route=\/wp\/v2\/pages"}],"about":[{"href":"https:\/\/www.zirmuneliai.vilnius.lm.lt\/index.php?rest_route=\/wp\/v2\/types\/page"}],"author":[{"embeddable":true,"href":"https:\/\/www.zirmuneliai.vilnius.lm.lt\/index.php?rest_route=\/wp\/v2\/users\/1"}],"replies":[{"embeddable":true,"href":"https:\/\/www.zirmuneliai.vilnius.lm.lt\/index.php?rest_route=%2Fwp%2Fv2%2Fcomments&post=15"}],"version-history":[{"count":5,"href":"https:\/\/www.zirmuneliai.vilnius.lm.lt\/index.php?rest_route=\/wp\/v2\/pages\/15\/revisions"}],"predecessor-version":[{"id":1422,"href":"https:\/\/www.zirmuneliai.vilnius.lm.lt\/index.php?rest_route=\/wp\/v2\/pages\/15\/revisions\/1422"}],"up":[{"embeddable":true,"href":"https:\/\/www.zirmuneliai.vilnius.lm.lt\/index.php?rest_route=\/wp\/v2\/pages\/1399"}],"wp:attachment":[{"href":"https:\/\/www.zirmuneliai.vilnius.lm.lt\/index.php?rest_route=%2Fwp%2Fv2%2Fmedia&parent=15"}],"curies":[{"name":"wp","href":"https:\/\/api.w.org\/{rel}","templated":true}]}}