{"id":1521,"date":"2024-03-29T22:01:27","date_gmt":"2024-03-29T20:01:27","guid":{"rendered":"http:\/\/www.zirmuneliai.vilnius.lm.lt\/?page_id=1521"},"modified":"2025-11-10T20:59:25","modified_gmt":"2025-11-10T18:59:25","slug":"socialinis-pedagogas","status":"publish","type":"page","link":"https:\/\/www.zirmuneliai.vilnius.lm.lt\/?page_id=1521","title":{"rendered":"Socialinis pedagogas"},"content":{"rendered":"\n<p><strong>Pagrindin\u0117s socialinio pedagogo veiklos formos:<\/strong><br \/>Individualus darbas su mokiniais ir j\u0173 t\u0117vais (glob\u0117jais) \u2013 konsultacijos, individual\u016bs pokalbiai, steb\u0117jimas, bendravimas su t\u0117vais (glob\u0117jais), individualaus pagalbos plano rengimas.<\/p>\n<p>Darbas grup\u0117je \u2013 mokini\u0173 pa\u017einimas, \u017eaidimai, grupiniai u\u017esi\u0117mimai.<\/p>\n<p>Konsultavimas \u2013 susirinkimai, pasitarimai, atvejo aptarimai, tarpininkavimas tarp \u0161eimos ir mokyklos, bendradarbiavimas su institucijomis.<\/p>\n<p>Mokymas ir \u0161vietimas \u2013 prevenciniai renginiai, diskusijos, projektin\u0117 veikla, paskaitos, k\u016brybin\u0117s dirbtuv\u0117s, gyvenimo \u012fg\u016bd\u017ei\u0173, sveikos gyvensenos, emocij\u0173 valdymo, sav\u0119s pa\u017einimo, konflikt\u0173 sprendimo u\u017esi\u0117mimai.<\/p>\n<p>D\u0117l konsultacij\u0173 kreiptis el. pa\u0161tu: <a href=\"mailto:zirmuneliai.socpedagogas@gmail.com\">zirmuneliai.socpedagogas@gmail.com<\/a><\/p>\n<p>\u00a0<\/p>\n<p><a href=\"http:\/\/www.zirmuneliai.vilnius.lm.lt\/wp-content\/uploads\/2025\/11\/Soc_darboGrafikas.doc\">2025-2026 socialinio pedagogo tvarkara\u0161tis<\/a><\/p>\n\n\n","protected":false},"excerpt":{"rendered":"<p>Pagrindin\u0117s socialinio pedagogo veiklos formos:Individualus darbas su mokiniais ir j\u0173 t\u0117vais (glob\u0117jais) \u2013 konsultacijos, individual\u016bs pokalbiai, steb\u0117jimas, bendravimas su t\u0117vais (glob\u0117jais), individualaus pagalbos plano rengimas. Darbas grup\u0117je \u2013 mokini\u0173 pa\u017einimas, \u017eaidimai, grupiniai u\u017esi\u0117mimai. Konsultavimas \u2013 susirinkimai, pasitarimai, atvejo aptarimai, tarpininkavimas tarp \u0161eimos ir mokyklos, bendradarbiavimas su institucijomis. Mokymas ir \u0161vietimas \u2013 prevenciniai renginiai, diskusijos, projektin\u0117 [&hellip;]<\/p>\n","protected":false},"author":1,"featured_media":0,"parent":1583,"menu_order":2,"comment_status":"closed","ping_status":"closed","template":"","meta":{"footnotes":""},"_links":{"self":[{"href":"https:\/\/www.zirmuneliai.vilnius.lm.lt\/index.php?rest_route=\/wp\/v2\/pages\/1521"}],"collection":[{"href":"https:\/\/www.zirmuneliai.vilnius.lm.lt\/index.php?rest_route=\/wp\/v2\/pages"}],"about":[{"href":"https:\/\/www.zirmuneliai.vilnius.lm.lt\/index.php?rest_route=\/wp\/v2\/types\/page"}],"author":[{"embeddable":true,"href":"https:\/\/www.zirmuneliai.vilnius.lm.lt\/index.php?rest_route=\/wp\/v2\/users\/1"}],"replies":[{"embeddable":true,"href":"https:\/\/www.zirmuneliai.vilnius.lm.lt\/index.php?rest_route=%2Fwp%2Fv2%2Fcomments&post=1521"}],"version-history":[{"count":7,"href":"https:\/\/www.zirmuneliai.vilnius.lm.lt\/index.php?rest_route=\/wp\/v2\/pages\/1521\/revisions"}],"predecessor-version":[{"id":1878,"href":"https:\/\/www.zirmuneliai.vilnius.lm.lt\/index.php?rest_route=\/wp\/v2\/pages\/1521\/revisions\/1878"}],"up":[{"embeddable":true,"href":"https:\/\/www.zirmuneliai.vilnius.lm.lt\/index.php?rest_route=\/wp\/v2\/pages\/1583"}],"wp:attachment":[{"href":"https:\/\/www.zirmuneliai.vilnius.lm.lt\/index.php?rest_route=%2Fwp%2Fv2%2Fmedia&parent=1521"}],"curies":[{"name":"wp","href":"https:\/\/api.w.org\/{rel}","templated":true}]}}