{"id":1589,"date":"2024-07-05T13:00:26","date_gmt":"2024-07-05T10:00:26","guid":{"rendered":"http:\/\/www.zirmuneliai.vilnius.lm.lt\/?page_id=1589"},"modified":"2025-11-10T21:16:33","modified_gmt":"2025-11-10T19:16:33","slug":"specialusis-pedagogas","status":"publish","type":"page","link":"https:\/\/www.zirmuneliai.vilnius.lm.lt\/?page_id=1589","title":{"rendered":"Specialusis pedagogas"},"content":{"rendered":"\n<p><b>Darbo organizavimas<\/b><\/p>\n<p>Specialiojo pedagogo tikslas \u2013 teikti speciali\u0105j\u0105 pedagogin\u0119 pagalb\u0105 vaikams, turintiems \u012fvairi\u0173 ugdymosi sunkum\u0173 ar speciali\u0173j\u0173 poreiki\u0173, padedant jiems \u012fveikti sunkumus ir siekti asmenin\u0117s pa\u017eangos.<\/p>\n<p>Specialusis pedagogas:<\/p>\n<ul>\n<li>\n<p>\u012fvertina vaik\u0173, turin\u010di\u0173 mokymosi ar raidos sunkum\u0173, geb\u0117jimus ir poreikius;<\/p>\n<\/li>\n<li>\n<p>padeda lavinti pa\u017eintinius, kalbinius, socialinius ir motorinius geb\u0117jimus;<\/p>\n<\/li>\n<li>\n<p>dirba individualiai arba ma\u017eose grupel\u0117se;<\/p>\n<\/li>\n<li>\n<p>bendradarbiauja su grupi\u0173 pedagogais, t\u0117vais (glob\u0117jais) ir kitais specialistais, siekdamas u\u017etikrinti veiksming\u0105 pagalb\u0105 vaikui.<\/p>\n<\/li>\n<\/ul>\n<p>Galite kreiptis \u012f spec.pedagog\u0105 el. pa\u0161tu <strong><a href=\"mailto:zirmuneliai.specpedagogas@gmail.com\" target=\"_blank\" rel=\"noopener\">zirmuneliai.specpedagogas@<wbr \/>gmail.com<\/a><\/strong><\/p>\n<p><a href=\"http:\/\/www.zirmuneliai.vilnius.lm.lt\/wp-content\/uploads\/2025\/11\/Spec_DarboGrafikas.doc\">2025-2026 speciali\u0173j\u0173 pedagog\u0173 tvarkara\u0161tis<\/a><\/p>\n","protected":false},"excerpt":{"rendered":"<p>Darbo organizavimas Specialiojo pedagogo tikslas \u2013 teikti speciali\u0105j\u0105 pedagogin\u0119 pagalb\u0105 vaikams, turintiems \u012fvairi\u0173 ugdymosi sunkum\u0173 ar speciali\u0173j\u0173 poreiki\u0173, padedant jiems \u012fveikti sunkumus ir siekti asmenin\u0117s pa\u017eangos. Specialusis pedagogas: \u012fvertina vaik\u0173, turin\u010di\u0173 mokymosi ar raidos sunkum\u0173, geb\u0117jimus ir poreikius; padeda lavinti pa\u017eintinius, kalbinius, socialinius ir motorinius geb\u0117jimus; dirba individualiai arba ma\u017eose grupel\u0117se; bendradarbiauja su grupi\u0173 pedagogais, [&hellip;]<\/p>\n","protected":false},"author":1,"featured_media":0,"parent":1583,"menu_order":3,"comment_status":"closed","ping_status":"closed","template":"","meta":{"footnotes":""},"_links":{"self":[{"href":"https:\/\/www.zirmuneliai.vilnius.lm.lt\/index.php?rest_route=\/wp\/v2\/pages\/1589"}],"collection":[{"href":"https:\/\/www.zirmuneliai.vilnius.lm.lt\/index.php?rest_route=\/wp\/v2\/pages"}],"about":[{"href":"https:\/\/www.zirmuneliai.vilnius.lm.lt\/index.php?rest_route=\/wp\/v2\/types\/page"}],"author":[{"embeddable":true,"href":"https:\/\/www.zirmuneliai.vilnius.lm.lt\/index.php?rest_route=\/wp\/v2\/users\/1"}],"replies":[{"embeddable":true,"href":"https:\/\/www.zirmuneliai.vilnius.lm.lt\/index.php?rest_route=%2Fwp%2Fv2%2Fcomments&post=1589"}],"version-history":[{"count":3,"href":"https:\/\/www.zirmuneliai.vilnius.lm.lt\/index.php?rest_route=\/wp\/v2\/pages\/1589\/revisions"}],"predecessor-version":[{"id":1881,"href":"https:\/\/www.zirmuneliai.vilnius.lm.lt\/index.php?rest_route=\/wp\/v2\/pages\/1589\/revisions\/1881"}],"up":[{"embeddable":true,"href":"https:\/\/www.zirmuneliai.vilnius.lm.lt\/index.php?rest_route=\/wp\/v2\/pages\/1583"}],"wp:attachment":[{"href":"https:\/\/www.zirmuneliai.vilnius.lm.lt\/index.php?rest_route=%2Fwp%2Fv2%2Fmedia&parent=1589"}],"curies":[{"name":"wp","href":"https:\/\/api.w.org\/{rel}","templated":true}]}}