{"id":1899,"date":"2025-12-16T19:55:29","date_gmt":"2025-12-16T17:55:29","guid":{"rendered":"https:\/\/www.zirmuneliai.vilnius.lm.lt\/?page_id=1899"},"modified":"2025-12-16T19:55:29","modified_gmt":"2025-12-16T17:55:29","slug":"vaisiu-programa","status":"publish","type":"page","link":"https:\/\/www.zirmuneliai.vilnius.lm.lt\/?page_id=1899","title":{"rendered":"Vaisi\u0173 programa"},"content":{"rendered":"\n<p>\u012estaiga dalyvauja \u201eVaisi\u0173 programoje\u201c.<\/p>\n<p>Vaisi\u0173 programos taisykles ir informacij\u0105 rasite \u010dia:<\/p>\n<p><a href=\"https:\/\/zua.lrv.lt\/lt\/veiklos-sritys\/administruojamos-programos\/pienas-vaikams\/\">Vaisiai ir dar\u017eov\u0117s bei pienas ir pieno produktai vaikams &#8211; \u017dem\u0117s \u016bkio agent\u016bra prie \u017dem\u0117s \u016bkio ministerijos<\/a><\/p>\n<p>\u00a0<\/p>\n","protected":false},"excerpt":{"rendered":"<p>\u012estaiga dalyvauja \u201eVaisi\u0173 programoje\u201c. Vaisi\u0173 programos taisykles ir informacij\u0105 rasite \u010dia: Vaisiai ir dar\u017eov\u0117s bei pienas ir pieno produktai vaikams &#8211; \u017dem\u0117s \u016bkio agent\u016bra prie \u017dem\u0117s \u016bkio ministerijos \u00a0<\/p>\n","protected":false},"author":1,"featured_media":0,"parent":29,"menu_order":2,"comment_status":"closed","ping_status":"closed","template":"","meta":{"footnotes":""},"_links":{"self":[{"href":"https:\/\/www.zirmuneliai.vilnius.lm.lt\/index.php?rest_route=\/wp\/v2\/pages\/1899"}],"collection":[{"href":"https:\/\/www.zirmuneliai.vilnius.lm.lt\/index.php?rest_route=\/wp\/v2\/pages"}],"about":[{"href":"https:\/\/www.zirmuneliai.vilnius.lm.lt\/index.php?rest_route=\/wp\/v2\/types\/page"}],"author":[{"embeddable":true,"href":"https:\/\/www.zirmuneliai.vilnius.lm.lt\/index.php?rest_route=\/wp\/v2\/users\/1"}],"replies":[{"embeddable":true,"href":"https:\/\/www.zirmuneliai.vilnius.lm.lt\/index.php?rest_route=%2Fwp%2Fv2%2Fcomments&post=1899"}],"version-history":[{"count":1,"href":"https:\/\/www.zirmuneliai.vilnius.lm.lt\/index.php?rest_route=\/wp\/v2\/pages\/1899\/revisions"}],"predecessor-version":[{"id":1900,"href":"https:\/\/www.zirmuneliai.vilnius.lm.lt\/index.php?rest_route=\/wp\/v2\/pages\/1899\/revisions\/1900"}],"up":[{"embeddable":true,"href":"https:\/\/www.zirmuneliai.vilnius.lm.lt\/index.php?rest_route=\/wp\/v2\/pages\/29"}],"wp:attachment":[{"href":"https:\/\/www.zirmuneliai.vilnius.lm.lt\/index.php?rest_route=%2Fwp%2Fv2%2Fmedia&parent=1899"}],"curies":[{"name":"wp","href":"https:\/\/api.w.org\/{rel}","templated":true}]}}