{"id":19,"date":"2015-11-26T19:45:34","date_gmt":"2015-11-26T17:45:34","guid":{"rendered":"http:\/\/www.zirmuneliai.vilnius.lm.lt\/?page_id=19"},"modified":"2024-07-09T21:52:08","modified_gmt":"2024-07-09T18:52:08","slug":"darbo-uzmokestis","status":"publish","type":"page","link":"https:\/\/www.zirmuneliai.vilnius.lm.lt\/?page_id=19","title":{"rendered":"Darbo u\u017emokestis"},"content":{"rendered":"<p><a href=\"http:\/\/www.zirmuneliai.vilnius.lm.lt\/wp-content\/uploads\/2024\/07\/Zirmuneliai-lopselis-darzelis-2024m.-II-ketv.rtf\">DU 24-2<\/a><\/p>\n<p><a href=\"http:\/\/www.zirmuneliai.vilnius.lm.lt\/wp-content\/uploads\/2024\/04\/Zirmuneliai-lopselis-darzelis-2024m.-I-ketv.rtf\">DU 24-1<\/a><\/p>\n<p><a href=\"http:\/\/www.zirmuneliai.vilnius.lm.lt\/wp-content\/uploads\/2023\/04\/Zirmuneliai-lopselis-darzelis-2023m.-I-ketv.rtf\">DU 23-4<\/a><\/p>\n<p><a href=\"http:\/\/www.zirmuneliai.vilnius.lm.lt\/wp-content\/uploads\/2015\/11\/DU-20-2.pdf\">DU 20-2<\/a><\/p>\n<p><a href=\"http:\/\/www.zirmuneliai.vilnius.lm.lt\/wp-content\/uploads\/2015\/11\/DU-19-3.pdf\">DU 19-3<\/a><\/p>\n<p><a href=\"http:\/\/www.zirmuneliai.vilnius.lm.lt\/wp-content\/uploads\/2015\/11\/DU-19-2.pdf\">DU 19-2<\/a><\/p>\n<p><a href=\"http:\/\/www.zirmuneliai.vilnius.lm.lt\/wp-content\/uploads\/2015\/11\/DU-19-1.pdf\">DU 19-1<\/a><\/p>\n<p><a href=\"http:\/\/www.zirmuneliai.vilnius.lm.lt\/wp-content\/uploads\/2023\/12\/V-99.pdf\"><strong>Vadovo krep\u0161elio l\u0117\u0161\u0173 paskirstymo ir panaudojimo tvarkos apra\u0161as<\/strong><\/a><\/p>\n","protected":false},"excerpt":{"rendered":"<p>DU 24-2 DU 24-1 DU 23-4 DU 20-2 DU 19-3 DU 19-2 DU 19-1 Vadovo krep\u0161elio l\u0117\u0161\u0173 paskirstymo ir panaudojimo tvarkos apra\u0161as<\/p>\n","protected":false},"author":1,"featured_media":0,"parent":1399,"menu_order":2,"comment_status":"closed","ping_status":"closed","template":"","meta":{"footnotes":""},"_links":{"self":[{"href":"https:\/\/www.zirmuneliai.vilnius.lm.lt\/index.php?rest_route=\/wp\/v2\/pages\/19"}],"collection":[{"href":"https:\/\/www.zirmuneliai.vilnius.lm.lt\/index.php?rest_route=\/wp\/v2\/pages"}],"about":[{"href":"https:\/\/www.zirmuneliai.vilnius.lm.lt\/index.php?rest_route=\/wp\/v2\/types\/page"}],"author":[{"embeddable":true,"href":"https:\/\/www.zirmuneliai.vilnius.lm.lt\/index.php?rest_route=\/wp\/v2\/users\/1"}],"replies":[{"embeddable":true,"href":"https:\/\/www.zirmuneliai.vilnius.lm.lt\/index.php?rest_route=%2Fwp%2Fv2%2Fcomments&post=19"}],"version-history":[{"count":7,"href":"https:\/\/www.zirmuneliai.vilnius.lm.lt\/index.php?rest_route=\/wp\/v2\/pages\/19\/revisions"}],"predecessor-version":[{"id":1592,"href":"https:\/\/www.zirmuneliai.vilnius.lm.lt\/index.php?rest_route=\/wp\/v2\/pages\/19\/revisions\/1592"}],"up":[{"embeddable":true,"href":"https:\/\/www.zirmuneliai.vilnius.lm.lt\/index.php?rest_route=\/wp\/v2\/pages\/1399"}],"wp:attachment":[{"href":"https:\/\/www.zirmuneliai.vilnius.lm.lt\/index.php?rest_route=%2Fwp%2Fv2%2Fmedia&parent=19"}],"curies":[{"name":"wp","href":"https:\/\/api.w.org\/{rel}","templated":true}]}}