{"id":230,"date":"2019-02-13T20:12:48","date_gmt":"2019-02-13T18:12:48","guid":{"rendered":"http:\/\/www.zirmuneliai.vilnius.lm.lt\/?page_id=230"},"modified":"2019-02-13T20:12:48","modified_gmt":"2019-02-13T18:12:48","slug":"patalpu-uzimtumo-grafikas","status":"publish","type":"page","link":"https:\/\/www.zirmuneliai.vilnius.lm.lt\/?page_id=230","title":{"rendered":"Patalp\u0173 u\u017eimtumo grafikas"},"content":{"rendered":"<p><a href=\"http:\/\/www.zirmuneliai.vilnius.lm.lt\/wp-content\/uploads\/2019\/02\/2018-2019-patalp\u0173-u\u017eimtumas.pdf\">2018-2019 patalp\u0173 u\u017eimtumas<\/a><br \/>\n<a href=\"http:\/\/www.zirmuneliai.vilnius.lm.lt\/wp-content\/uploads\/2019\/02\/2017-2018-patalp\u0173-u\u017eimtumas.pdf\">2017-2018 patalp\u0173 u\u017eimtumas<\/a><\/p>\n","protected":false},"excerpt":{"rendered":"<p>2018-2019 patalp\u0173 u\u017eimtumas 2017-2018 patalp\u0173 u\u017eimtumas<\/p>\n","protected":false},"author":1,"featured_media":0,"parent":227,"menu_order":0,"comment_status":"closed","ping_status":"closed","template":"","meta":{"footnotes":""},"_links":{"self":[{"href":"https:\/\/www.zirmuneliai.vilnius.lm.lt\/index.php?rest_route=\/wp\/v2\/pages\/230"}],"collection":[{"href":"https:\/\/www.zirmuneliai.vilnius.lm.lt\/index.php?rest_route=\/wp\/v2\/pages"}],"about":[{"href":"https:\/\/www.zirmuneliai.vilnius.lm.lt\/index.php?rest_route=\/wp\/v2\/types\/page"}],"author":[{"embeddable":true,"href":"https:\/\/www.zirmuneliai.vilnius.lm.lt\/index.php?rest_route=\/wp\/v2\/users\/1"}],"replies":[{"embeddable":true,"href":"https:\/\/www.zirmuneliai.vilnius.lm.lt\/index.php?rest_route=%2Fwp%2Fv2%2Fcomments&post=230"}],"version-history":[{"count":2,"href":"https:\/\/www.zirmuneliai.vilnius.lm.lt\/index.php?rest_route=\/wp\/v2\/pages\/230\/revisions"}],"predecessor-version":[{"id":234,"href":"https:\/\/www.zirmuneliai.vilnius.lm.lt\/index.php?rest_route=\/wp\/v2\/pages\/230\/revisions\/234"}],"up":[{"embeddable":true,"href":"https:\/\/www.zirmuneliai.vilnius.lm.lt\/index.php?rest_route=\/wp\/v2\/pages\/227"}],"wp:attachment":[{"href":"https:\/\/www.zirmuneliai.vilnius.lm.lt\/index.php?rest_route=%2Fwp%2Fv2%2Fmedia&parent=230"}],"curies":[{"name":"wp","href":"https:\/\/api.w.org\/{rel}","templated":true}]}}