{"id":25,"date":"2015-11-26T19:47:04","date_gmt":"2015-11-26T17:47:04","guid":{"rendered":"http:\/\/www.zirmuneliai.vilnius.lm.lt\/?page_id=25"},"modified":"2025-06-20T18:37:40","modified_gmt":"2025-06-20T15:37:40","slug":"finansiniu-ataskaitu-rinkiniai","status":"publish","type":"page","link":"https:\/\/www.zirmuneliai.vilnius.lm.lt\/?page_id=25","title":{"rendered":"Finansini\u0173 ataskait\u0173 rinkiniai"},"content":{"rendered":"<p><a href=\"http:\/\/www.zirmuneliai.vilnius.lm.lt\/wp-content\/uploads\/2025\/06\/290020620-Vilniaus-lopselis-darzelis-Zirmuneliai-2024.pdf\">Finansini\u0173 ataskait\u0173 rinkinys u\u017e 2024 m.<\/a><br \/>\n<a href=\"http:\/\/www.zirmuneliai.vilnius.lm.lt\/wp-content\/uploads\/2024\/04\/290020620-Vilniaus-lopselis-darzelis-Zirmuneliai-2023.pdf\">Finansini\u0173 ataskait\u0173 rinkinys u\u017e 2023 m.<\/a><br \/>\n<a href=\"http:\/\/www.zirmuneliai.vilnius.lm.lt\/wp-content\/uploads\/2024\/04\/290020620-Vilniaus-lopselis-darzelis-Zirmuneliai-2022-2.pdf\">Finansini\u0173 ataskait\u0173 rinkinys u\u017e 2022 m.<\/a><br \/>\n<a href=\"http:\/\/www.zirmuneliai.vilnius.lm.lt\/wp-content\/uploads\/2022\/07\/Vilniaus-lopselis-darzelis-Zirmuneliai-2021.pdf\">Finansini\u0173 ataskait\u0173 rinkinys u\u017e 2021 m.<\/a><br \/>\n<a href=\"http:\/\/www.zirmuneliai.vilnius.lm.lt\/wp-content\/uploads\/2021\/04\/290020620vilniaus-lopselis-darzelis-zirmuneliai-2020-1.pdf\">Finansini\u0173 ataskait\u0173 rinkinys u\u017e 2020 m.<\/a><br \/>\n<a href=\"http:\/\/www.zirmuneliai.vilnius.lm.lt\/wp-content\/uploads\/2021\/04\/57582414851290020620vilniauslopselisdarzeliszirmuneliai-1.pdf\">Finansini\u0173 ataskait\u0173 rinkinys u\u017e 2019 m.<\/a><br \/>\n<a href=\"http:\/\/www.zirmuneliai.vilnius.lm.lt\/wp-content\/uploads\/2015\/11\/Finansin\u0117-ataskaita-2019-01-01-\u2013-2019-12-31.pdf\">Finansin\u0117 ataskaita 2019 01 01 &#8211; 2019 12 31<\/a><a href=\"http:\/\/www.zirmuneliai.vilnius.lm.lt\/wp-content\/uploads\/2015\/11\/Finansin\u0117-ataskaita-2018-01-01-\u2013-2018-12-31.pdf\"><br \/>\nFinansin\u0117 ataskaita 2018 01 01 &#8211; 2018 12 31<\/a><a href=\"http:\/\/www.zirmuneliai.vilnius.lm.lt\/wp-content\/uploads\/2015\/11\/290020620-Vilniaus-lop\u0161elis-dar\u017eelis-\u017dirm\u016bn\u0117liai.pdf\"><br \/>\nFinansin\u0117 ataskaita 2017 01 01 &#8211; 2017 12 31<\/a><a href=\"http:\/\/www.zirmuneliai.vilnius.lm.lt\/wp-content\/uploads\/2015\/11\/2900206201.pdf\"><br \/>\nFinansin\u0117 ataskaita 2016 01 01 &#8211; 2016 12 31<\/a><a href=\"http:\/\/www.zirmuneliai.vilnius.lm.lt\/wp-content\/uploads\/2015\/11\/Finansin\u0117-ataskaita-2015-01-01-2015-12-31-\u2013-kopija.doc\"><br \/>\nFinansin\u0117 ataskaita 2015 01 01 &#8211; 2015 12 31<\/a><\/p>\n","protected":false},"excerpt":{"rendered":"<p>Finansini\u0173 ataskait\u0173 rinkinys u\u017e 2024 m. Finansini\u0173 ataskait\u0173 rinkinys u\u017e 2023 m. Finansini\u0173 ataskait\u0173 rinkinys u\u017e 2022 m. Finansini\u0173 ataskait\u0173 rinkinys u\u017e 2021 m. Finansini\u0173 ataskait\u0173 rinkinys u\u017e 2020 m. Finansini\u0173 ataskait\u0173 rinkinys u\u017e 2019 m. Finansin\u0117 ataskaita 2019 01 01 &#8211; 2019 12 31 Finansin\u0117 ataskaita 2018 01 01 &#8211; 2018 12 31 Finansin\u0117 [&hellip;]<\/p>\n","protected":false},"author":1,"featured_media":0,"parent":1399,"menu_order":5,"comment_status":"closed","ping_status":"closed","template":"","meta":{"footnotes":""},"_links":{"self":[{"href":"https:\/\/www.zirmuneliai.vilnius.lm.lt\/index.php?rest_route=\/wp\/v2\/pages\/25"}],"collection":[{"href":"https:\/\/www.zirmuneliai.vilnius.lm.lt\/index.php?rest_route=\/wp\/v2\/pages"}],"about":[{"href":"https:\/\/www.zirmuneliai.vilnius.lm.lt\/index.php?rest_route=\/wp\/v2\/types\/page"}],"author":[{"embeddable":true,"href":"https:\/\/www.zirmuneliai.vilnius.lm.lt\/index.php?rest_route=\/wp\/v2\/users\/1"}],"replies":[{"embeddable":true,"href":"https:\/\/www.zirmuneliai.vilnius.lm.lt\/index.php?rest_route=%2Fwp%2Fv2%2Fcomments&post=25"}],"version-history":[{"count":10,"href":"https:\/\/www.zirmuneliai.vilnius.lm.lt\/index.php?rest_route=\/wp\/v2\/pages\/25\/revisions"}],"predecessor-version":[{"id":1784,"href":"https:\/\/www.zirmuneliai.vilnius.lm.lt\/index.php?rest_route=\/wp\/v2\/pages\/25\/revisions\/1784"}],"up":[{"embeddable":true,"href":"https:\/\/www.zirmuneliai.vilnius.lm.lt\/index.php?rest_route=\/wp\/v2\/pages\/1399"}],"wp:attachment":[{"href":"https:\/\/www.zirmuneliai.vilnius.lm.lt\/index.php?rest_route=%2Fwp%2Fv2%2Fmedia&parent=25"}],"curies":[{"name":"wp","href":"https:\/\/api.w.org\/{rel}","templated":true}]}}