{"id":457,"date":"2020-09-25T17:24:55","date_gmt":"2020-09-25T14:24:55","guid":{"rendered":"http:\/\/www.zirmuneliai.vilnius.lm.lt\/?page_id=457"},"modified":"2025-08-18T17:49:24","modified_gmt":"2025-08-18T14:49:24","slug":"ikimokyklinis-ir-priesmokyklinis-ugdymas","status":"publish","type":"page","link":"https:\/\/www.zirmuneliai.vilnius.lm.lt\/?page_id=457","title":{"rendered":"Ikimokyklinis ir prie\u0161mokyklinis ugdymas"},"content":{"rendered":"<p><a href=\"http:\/\/www.zirmuneliai.vilnius.lm.lt\/wp-content\/uploads\/2025\/08\/Ikimokyklinio-ugdymo-programa.pdf\">Ikimokyklinio ugdymo programa<\/a><\/p>\n<p><a href=\"http:\/\/www.zirmuneliai.vilnius.lm.lt\/wp-content\/uploads\/2024\/09\/IsakymasdelBPtvirtinimo_08-181.pdf\">\u012esakymas d\u0117l prie\u0161mokyklinio ugdymo bendrosios programos<\/a><br \/>\n<a href=\"http:\/\/www.zirmuneliai.vilnius.lm.lt\/wp-content\/uploads\/2024\/09\/Priesmokyklinio-kompetenciju-aprasas3.pdf\">Prie\u0161mokyklinio ugdymo kompetencij\u0173 apra\u0161as<\/a><br \/>\n<a href=\"http:\/\/www.zirmuneliai.vilnius.lm.lt\/wp-content\/uploads\/2024\/09\/Priesmokyklinio-ugdymo-programa-nuo-2022-09-014.pdf\">Prie\u0161mokyklinio ugdymo bendroji programa<\/a><\/p>\n","protected":false},"excerpt":{"rendered":"<p>Ikimokyklinio ugdymo programa \u012esakymas d\u0117l prie\u0161mokyklinio ugdymo bendrosios programos Prie\u0161mokyklinio ugdymo kompetencij\u0173 apra\u0161as Prie\u0161mokyklinio ugdymo bendroji programa<\/p>\n","protected":false},"author":1,"featured_media":0,"parent":17,"menu_order":0,"comment_status":"closed","ping_status":"closed","template":"","meta":{"footnotes":""},"_links":{"self":[{"href":"https:\/\/www.zirmuneliai.vilnius.lm.lt\/index.php?rest_route=\/wp\/v2\/pages\/457"}],"collection":[{"href":"https:\/\/www.zirmuneliai.vilnius.lm.lt\/index.php?rest_route=\/wp\/v2\/pages"}],"about":[{"href":"https:\/\/www.zirmuneliai.vilnius.lm.lt\/index.php?rest_route=\/wp\/v2\/types\/page"}],"author":[{"embeddable":true,"href":"https:\/\/www.zirmuneliai.vilnius.lm.lt\/index.php?rest_route=\/wp\/v2\/users\/1"}],"replies":[{"embeddable":true,"href":"https:\/\/www.zirmuneliai.vilnius.lm.lt\/index.php?rest_route=%2Fwp%2Fv2%2Fcomments&post=457"}],"version-history":[{"count":4,"href":"https:\/\/www.zirmuneliai.vilnius.lm.lt\/index.php?rest_route=\/wp\/v2\/pages\/457\/revisions"}],"predecessor-version":[{"id":1822,"href":"https:\/\/www.zirmuneliai.vilnius.lm.lt\/index.php?rest_route=\/wp\/v2\/pages\/457\/revisions\/1822"}],"up":[{"embeddable":true,"href":"https:\/\/www.zirmuneliai.vilnius.lm.lt\/index.php?rest_route=\/wp\/v2\/pages\/17"}],"wp:attachment":[{"href":"https:\/\/www.zirmuneliai.vilnius.lm.lt\/index.php?rest_route=%2Fwp%2Fv2%2Fmedia&parent=457"}],"curies":[{"name":"wp","href":"https:\/\/api.w.org\/{rel}","templated":true}]}}