{"id":461,"date":"2020-09-25T17:26:25","date_gmt":"2020-09-25T14:26:25","guid":{"rendered":"http:\/\/www.zirmuneliai.vilnius.lm.lt\/?page_id=461"},"modified":"2025-11-10T20:56:42","modified_gmt":"2025-11-10T18:56:42","slug":"logopedas","status":"publish","type":"page","link":"https:\/\/www.zirmuneliai.vilnius.lm.lt\/?page_id=461","title":{"rendered":"Logopedas"},"content":{"rendered":"<p><strong>LOGOPEDO DARBAS DAR\u017dELYJE<\/strong><\/p>\n<p><a href=\"http:\/\/www.zirmuneliai.vilnius.lm.lt\/wp-content\/uploads\/2025\/11\/2025-tvarkarastis1.docx\">2025-2026 logopedo tvarkara\u0161tis<\/a><\/p>\n<p><strong>Darbo organizavimas<\/strong><\/p>\n<p>Dar\u017eelyje vaik\u0173 kalba yra tikrinama pavasar\u012f ir ruden\u012f.<\/p>\n<p>\u012e pogrupius vaikai suskirstomi atsi\u017evelgiant \u012f sutrikim\u0173 pob\u016bd\u012f.<\/p>\n<p>Logopedines pratybas\u00a0 vaikai lanko 2-3 kartus per savait\u0119,\u00a0 pratybos trunka apie 20-25 minutes.<\/p>\n<p><strong>Pratyb\u0173 metu:<\/strong><\/p>\n<p>Lavinama fonemin\u0117 klausa, atliekama artikuliacinio aparato mank\u0161ta;<\/p>\n<p>mokoma taisyklingos garso artikuliacijos, mokoma taisyklingo gars\u0173 tarimo;<\/p>\n<p>tobulinama kalbos gramatin\u0117 sandara, turtinamas \u017eodynas, ugdoma ri\u0161lioji kalba;<\/p>\n<p>formuojami regimieji erdv\u0117s ir laiko vaizdiniai;<\/p>\n<p>tikslinami smulkiosios motorikos judesiai.<\/p>\n<p><strong>Kalbos sutrikim\u0173 prie\u017eastys labai \u012fvairios:<\/strong><\/p>\n<p>Gars\u0173 tarimo tr\u016bkumai gali atsirasti d\u0117l artikuliacinio aparato (lie\u017euvio, l\u016bp\u0173, gomurio) su\u017eeidim\u0173, netaisyklingo sukandimo, nepakankamai tiksli\u0173 lie\u017euvio ir l\u016bp\u0173 judesi\u0173 ar nesugeb\u0117jimo klausa skirti pana\u0161iai skamban\u010dius garsus.<\/p>\n<p>Sud\u0117tingesn\u0117s kalbos problemos, kai v\u0117luoja \u017eodyno, gramatin\u0117s kalbos sandaros ir kit\u0173 kalbos komponent\u0173 vystymasis, atsiranda d\u0117l kalbini\u0173 sri\u010di\u0173 pa\u017eeidim\u0173 komplikuoto n\u0117\u0161tumo ar traum\u0173 gimdymo metu, netinkamos, skurd\u017eios vaiko kalbin\u0117s aplinkos, jo psichinio ir motorinio vystymosi.<\/p>\n<p><strong>Kokie po\u017eymiai gali rodyti kalbos sutrikim\u0105?<\/strong><\/p>\n<p>1-2 metuku\u0328 vaikai netaria jokiu\u0328 garsu\u0328.<\/p>\n<p>3 metu\u0328 vaikas vartoja tik pavienius \u017eod\u017eius, garsus, garsa\u017eod\u017eius.<\/p>\n<p>4-5 metu\u0328 vaikas kalba netaisyklingais sakiniais, nederina \u017eod\u017ei\u0173\u0328 sakiniuose, vaiko kalba\u0328 sunkiai \u00a0\u00a0supranta aplinkiniai.<\/p>\n<p>5-6 metu\u0328 vaikas dar netaisyklingai taria garsus, kitaip tariant \u2013 \u0161vepluoja.<\/p>\n<p>Vaikas mik\u010dioja.<\/p>\n<p>Vaikas turi kitu\u0328 raidos problem\u0173\u0328.<\/p>\n<p>Galite kreiptis \u012f logoped\u0119 el. pa\u0161tu <strong>zirmuneliai.logopedas@gmail.com<\/strong><\/p>\n","protected":false},"excerpt":{"rendered":"<p>LOGOPEDO DARBAS DAR\u017dELYJE 2025-2026 logopedo tvarkara\u0161tis Darbo organizavimas Dar\u017eelyje vaik\u0173 kalba yra tikrinama pavasar\u012f ir ruden\u012f. \u012e pogrupius vaikai suskirstomi atsi\u017evelgiant \u012f sutrikim\u0173 pob\u016bd\u012f. Logopedines pratybas\u00a0 vaikai lanko 2-3 kartus per savait\u0119,\u00a0 pratybos trunka apie 20-25 minutes. Pratyb\u0173 metu: Lavinama fonemin\u0117 klausa, atliekama artikuliacinio aparato mank\u0161ta; mokoma taisyklingos garso artikuliacijos, mokoma taisyklingo gars\u0173 tarimo; tobulinama [&hellip;]<\/p>\n","protected":false},"author":1,"featured_media":0,"parent":1583,"menu_order":0,"comment_status":"closed","ping_status":"closed","template":"","meta":{"footnotes":""},"_links":{"self":[{"href":"https:\/\/www.zirmuneliai.vilnius.lm.lt\/index.php?rest_route=\/wp\/v2\/pages\/461"}],"collection":[{"href":"https:\/\/www.zirmuneliai.vilnius.lm.lt\/index.php?rest_route=\/wp\/v2\/pages"}],"about":[{"href":"https:\/\/www.zirmuneliai.vilnius.lm.lt\/index.php?rest_route=\/wp\/v2\/types\/page"}],"author":[{"embeddable":true,"href":"https:\/\/www.zirmuneliai.vilnius.lm.lt\/index.php?rest_route=\/wp\/v2\/users\/1"}],"replies":[{"embeddable":true,"href":"https:\/\/www.zirmuneliai.vilnius.lm.lt\/index.php?rest_route=%2Fwp%2Fv2%2Fcomments&post=461"}],"version-history":[{"count":7,"href":"https:\/\/www.zirmuneliai.vilnius.lm.lt\/index.php?rest_route=\/wp\/v2\/pages\/461\/revisions"}],"predecessor-version":[{"id":1875,"href":"https:\/\/www.zirmuneliai.vilnius.lm.lt\/index.php?rest_route=\/wp\/v2\/pages\/461\/revisions\/1875"}],"up":[{"embeddable":true,"href":"https:\/\/www.zirmuneliai.vilnius.lm.lt\/index.php?rest_route=\/wp\/v2\/pages\/1583"}],"wp:attachment":[{"href":"https:\/\/www.zirmuneliai.vilnius.lm.lt\/index.php?rest_route=%2Fwp%2Fv2%2Fmedia&parent=461"}],"curies":[{"name":"wp","href":"https:\/\/api.w.org\/{rel}","templated":true}]}}