{"id":463,"date":"2020-09-25T17:26:55","date_gmt":"2020-09-25T14:26:55","guid":{"rendered":"http:\/\/www.zirmuneliai.vilnius.lm.lt\/?page_id=463"},"modified":"2025-11-14T17:05:41","modified_gmt":"2025-11-14T15:05:41","slug":"psichologas","status":"publish","type":"page","link":"https:\/\/www.zirmuneliai.vilnius.lm.lt\/?page_id=463","title":{"rendered":"Psichologas"},"content":{"rendered":"<p>Galite kreiptis \u012f psichologo asistent\u0105 el. pa\u0161tu <a href=\"mailto:psichologas.zirmuneliai@gmail.com\" target=\"_blank\" rel=\"noopener\">psichologas.zirmuneliai@gmail.<wbr \/>com<\/a><\/p>\n<p><a href=\"http:\/\/www.zirmuneliai.vilnius.lm.lt\/wp-content\/uploads\/2025\/11\/PStvarkarastis.doc\">2025-2026 psichologo asistento tvarkara\u0161tis<\/a><\/p>\n<p><a href=\"http:\/\/www.zirmuneliai.vilnius.lm.lt\/wp-content\/uploads\/2021\/09\/Kimociu-programos-skelbimas.pdf\">Kimo\u010di\u0173 programos skelbimas<\/a><br \/>\n<a href=\"http:\/\/www.zirmuneliai.vilnius.lm.lt\/wp-content\/uploads\/2021\/09\/Saves-ir-aplinkos-pazinimas.pdf\">Sav\u0119s ir aplinkos pa\u017einimas<\/a><br \/>\n<a href=\"http:\/\/www.zirmuneliai.vilnius.lm.lt\/wp-content\/uploads\/2021\/09\/Susitikime-pasikalbeti.pdf\">Susitikime pasikalb\u0117ti<\/a><\/p>\n<p><strong>Kaip kalb\u0117ti su vaikais apie COVID \u2013 19 pandemij\u0105?<\/strong><\/p>\n<p>Parengta remiantis JAV vaik\u0173 ir paaugli\u0173 psichiatrijos akademijos informacija.<\/p>\n<p>COVID \u2013 19 pandemij\u0105 lydi nema\u017eai \u012fvairi\u0173 poky\u010di\u0173 vaikams ir suaugusiems. \u0160iuos poky\u010dius ir juos lydin\u010dius jausmus reikalinga aptarti su vaikais. Nat\u016bralu, kad tokie pokalbiai n\u0117ra lengvi, bet jie yra svarb\u016bs tam, kad vaikas papras\u010diau susigyvent\u0173 su nepaprastosios situacijomis, susijusiomis su \u017emogaus sveikata. Toliau galite susipa\u017einti su keliais patarimais, kaip kalb\u0117ti su vaikais apie pandemijas:<\/p>\n<ol>\n<li>Sukurkite atvir\u0105 ir palaikan\u010di\u0105 aplink\u0105, kur vaikai \u017eino, kad gali u\u017eduoti r\u016bpimus klausimus. Tuo pa\u010diu, geriau neversti vaik\u0173 kalb\u0117ti temomis, kuriomis jie nepasiruo\u0161\u0119 kalb\u0117ti.<\/li>\n<li>S\u0105\u017einingai atsakykite \u012f klausimus. Vaikai da\u017enai su\u017eino ar pajau\u010dia, kai sakoma netiesa, ir tai gali paveikti j\u0173 geb\u0117jim\u0105 jausti saugum\u0105.<\/li>\n<li>Naudokite \u017eod\u017eius ir frazes, kuriuos vaikas supranta. Pritaikykite paai\u0161kinimus pagal vaiko am\u017ei\u0173, kalb\u0105 ir raid\u0105.<\/li>\n<li>Pad\u0117kite vaikams surasti naujausi\u0105 tiksli\u0105 informacij\u0105.<\/li>\n<li>B\u016bkite pasiruo\u0161\u0119 kartoti informacij\u0105 ir paai\u0161kinimus kelis kartus. Dal\u012f informacijos gali b\u016bti sunku suprasti. Taip pat kelis kartus klausin\u0117damas to paties vaikas gali pra\u0161yti u\u017etikrinimo.<\/li>\n<li>Pripa\u017einkite ir priimkite vaiko jausmus, mintis ir reakcijas. Leiskite vaikams suprasti, kad j\u0173 klausimai ir r\u016bpes\u010diai yra svarb\u016bs ir tinkami.<\/li>\n<li>Prisiminkite, kad vaikai link\u0119 suasmeninti situacijas. Pavyzd\u017eiui, vaikas susir\u016bpinti savo ar kit\u0173 artim\u0173j\u0173 sveikata ar nerimauti d\u0117l toli i\u0161vykusi\u0173 ar gyvenan\u010di\u0173 draug\u0173 ar giminai\u010di\u0173.<\/li>\n<li>U\u017etikrinkite vaik\u0105, bet venkite suteikti nerealisti\u0161k\u0173 pa\u017ead\u0173. Galima u\u017etikrinti, kad stengsit\u0117s vengti s\u0105lyg\u0173, kur galite u\u017esikr\u0117sti virusu, bet ne\u017ead\u0117kite, kad mieste ar mikrorajone, kuriame gyvenate, nebus u\u017esikr\u0117tusi\u0173j\u0173.<\/li>\n<li>Leiskite vaikui suprasti, kad yra daug \u017emoni\u0173, padedan\u010di\u0173 u\u017esikr\u0117tusiesiems. Tai gera proga parodyti vaikui, kad susid\u016brus gr\u0117sminga ar pavojinga situacija, yra \u017emoni\u0173, kurie gali pad\u0117ti.<\/li>\n<li>Vaikai mokosi \u017ei\u016br\u0117dami \u012f t\u0117vus ir aukl\u0117tojas. Jie dom\u0117sis t\u0117v\u0173 ir aukl\u0117toj\u0173 reakcijomis \u012f naujienas apie protr\u016bkius ir mokysis klausydami j\u016bs\u0173 pokalbi\u0173.<\/li>\n<li>Neleiskite vaikui \u017ei\u016br\u0117ti per daug g\u0105sdinan\u010di\u0173 vaizd\u0173 per televizori\u0173 ar internete.<\/li>\n<li>Vaikai, kurie buvo anks\u010diau susid\u016br\u0119 su sunkiomis ligomis ar mirtimis, gali parodyti ilgai trunkan\u010dias ar intensyvias reakcijas \u012f naujienas apie lig\u0105 ar mirt\u012f. \u0160iems vaikams reikalingas papildomas d\u0117mesys ir parama.<\/li>\n<li>Jei pastebite, kad vaiko nerimas yra padid\u0117j\u0119s d\u0117l pandemijos ilgesn\u012f laikotarp\u012f, kreipkit\u0117s \u012f psicholog\u0105 ar kit\u0105 specialist\u0105.<\/li>\n<li>Nors t\u0117vai ir aukl\u0117tojos gali dom\u0117tis pandemijos naujienomis ir kasdieniais atnaujinimais, vaikai tiesiog nori b\u016bti vaikais. Jie gali nenor\u0117ti galvoti apie tai, kas vyksta \u0161alyje ar pasaulyje. Jie labiau nori va\u017eiuoti dvira\u010diu ar \u017eaisti.<\/li>\n<\/ol>\n","protected":false},"excerpt":{"rendered":"<p>Galite kreiptis \u012f psichologo asistent\u0105 el. pa\u0161tu psichologas.zirmuneliai@gmail.com 2025-2026 psichologo asistento tvarkara\u0161tis Kimo\u010di\u0173 programos skelbimas Sav\u0119s ir aplinkos pa\u017einimas Susitikime pasikalb\u0117ti Kaip kalb\u0117ti su vaikais apie COVID \u2013 19 pandemij\u0105? Parengta remiantis JAV vaik\u0173 ir paaugli\u0173 psichiatrijos akademijos informacija. COVID \u2013 19 pandemij\u0105 lydi nema\u017eai \u012fvairi\u0173 poky\u010di\u0173 vaikams ir suaugusiems. \u0160iuos poky\u010dius ir juos lydin\u010dius [&hellip;]<\/p>\n","protected":false},"author":1,"featured_media":0,"parent":1583,"menu_order":1,"comment_status":"closed","ping_status":"closed","template":"","meta":{"footnotes":""},"_links":{"self":[{"href":"https:\/\/www.zirmuneliai.vilnius.lm.lt\/index.php?rest_route=\/wp\/v2\/pages\/463"}],"collection":[{"href":"https:\/\/www.zirmuneliai.vilnius.lm.lt\/index.php?rest_route=\/wp\/v2\/pages"}],"about":[{"href":"https:\/\/www.zirmuneliai.vilnius.lm.lt\/index.php?rest_route=\/wp\/v2\/types\/page"}],"author":[{"embeddable":true,"href":"https:\/\/www.zirmuneliai.vilnius.lm.lt\/index.php?rest_route=\/wp\/v2\/users\/1"}],"replies":[{"embeddable":true,"href":"https:\/\/www.zirmuneliai.vilnius.lm.lt\/index.php?rest_route=%2Fwp%2Fv2%2Fcomments&post=463"}],"version-history":[{"count":8,"href":"https:\/\/www.zirmuneliai.vilnius.lm.lt\/index.php?rest_route=\/wp\/v2\/pages\/463\/revisions"}],"predecessor-version":[{"id":1888,"href":"https:\/\/www.zirmuneliai.vilnius.lm.lt\/index.php?rest_route=\/wp\/v2\/pages\/463\/revisions\/1888"}],"up":[{"embeddable":true,"href":"https:\/\/www.zirmuneliai.vilnius.lm.lt\/index.php?rest_route=\/wp\/v2\/pages\/1583"}],"wp:attachment":[{"href":"https:\/\/www.zirmuneliai.vilnius.lm.lt\/index.php?rest_route=%2Fwp%2Fv2%2Fmedia&parent=463"}],"curies":[{"name":"wp","href":"https:\/\/api.w.org\/{rel}","templated":true}]}}