{"id":491,"date":"2020-09-29T19:56:13","date_gmt":"2020-09-29T16:56:13","guid":{"rendered":"http:\/\/www.zirmuneliai.vilnius.lm.lt\/?page_id=491"},"modified":"2026-03-05T18:26:36","modified_gmt":"2026-03-05T16:26:36","slug":"valgiarastis","status":"publish","type":"page","link":"https:\/\/www.zirmuneliai.vilnius.lm.lt\/?page_id=491","title":{"rendered":"Valgiara\u0161tis"},"content":{"rendered":"<p><a href=\"http:\/\/www.zirmuneliai.vilnius.lm.lt\/wp-content\/uploads\/2026\/03\/Maitinimo-organizavimas.-2024-11-27-sprendimas-Nr.-1-732-AKTUALUS-NUO-2026-02-011.pdf\">MAITINIMAS VILNIAUS MIESTO SAVIVALDYB\u0116S BENDROJO IR IKIMOKYKLINIO UGDYMO MOKYKLOSE<\/a><\/p>\n<p><a href=\"http:\/\/www.zirmuneliai.vilnius.lm.lt\/wp-content\/uploads\/2024\/05\/15-d.-valgiarastis_1-3-m.-vaikams.pdf\">15 d. valgiara\u0161tis_1-3 m. vaikams<\/a><\/p>\n<p><a href=\"http:\/\/www.zirmuneliai.vilnius.lm.lt\/wp-content\/uploads\/2024\/05\/15-d.-valgiarastis_4-7-m.-vaikams.pdf\">15 d. valgiara\u0161tis_4-7 m. vaikams<\/a><\/p>\n<p><a href=\"http:\/\/www.zirmuneliai.vilnius.lm.lt\/wp-content\/uploads\/2020\/09\/Be-pieno-pr..pdf\">Be pieno pr.<\/a><\/p>\n<p><a href=\"http:\/\/www.zirmuneliai.vilnius.lm.lt\/wp-content\/uploads\/2024\/05\/I-II-III-savaite.pdf\">I, II, III savait\u0117<\/a><\/p>\n","protected":false},"excerpt":{"rendered":"<p>MAITINIMAS VILNIAUS MIESTO SAVIVALDYB\u0116S BENDROJO IR IKIMOKYKLINIO UGDYMO MOKYKLOSE 15 d. valgiara\u0161tis_1-3 m. vaikams 15 d. valgiara\u0161tis_4-7 m. vaikams Be pieno pr. I, II, III savait\u0117<\/p>\n","protected":false},"author":1,"featured_media":0,"parent":27,"menu_order":2,"comment_status":"closed","ping_status":"closed","template":"","meta":{"footnotes":""},"_links":{"self":[{"href":"https:\/\/www.zirmuneliai.vilnius.lm.lt\/index.php?rest_route=\/wp\/v2\/pages\/491"}],"collection":[{"href":"https:\/\/www.zirmuneliai.vilnius.lm.lt\/index.php?rest_route=\/wp\/v2\/pages"}],"about":[{"href":"https:\/\/www.zirmuneliai.vilnius.lm.lt\/index.php?rest_route=\/wp\/v2\/types\/page"}],"author":[{"embeddable":true,"href":"https:\/\/www.zirmuneliai.vilnius.lm.lt\/index.php?rest_route=\/wp\/v2\/users\/1"}],"replies":[{"embeddable":true,"href":"https:\/\/www.zirmuneliai.vilnius.lm.lt\/index.php?rest_route=%2Fwp%2Fv2%2Fcomments&post=491"}],"version-history":[{"count":8,"href":"https:\/\/www.zirmuneliai.vilnius.lm.lt\/index.php?rest_route=\/wp\/v2\/pages\/491\/revisions"}],"predecessor-version":[{"id":1920,"href":"https:\/\/www.zirmuneliai.vilnius.lm.lt\/index.php?rest_route=\/wp\/v2\/pages\/491\/revisions\/1920"}],"up":[{"embeddable":true,"href":"https:\/\/www.zirmuneliai.vilnius.lm.lt\/index.php?rest_route=\/wp\/v2\/pages\/27"}],"wp:attachment":[{"href":"https:\/\/www.zirmuneliai.vilnius.lm.lt\/index.php?rest_route=%2Fwp%2Fv2%2Fmedia&parent=491"}],"curies":[{"name":"wp","href":"https:\/\/api.w.org\/{rel}","templated":true}]}}