{"id":527,"date":"2020-11-19T21:46:24","date_gmt":"2020-11-19T19:46:24","guid":{"rendered":"http:\/\/www.zirmuneliai.vilnius.lm.lt\/?page_id=527"},"modified":"2025-08-11T11:48:41","modified_gmt":"2025-08-11T08:48:41","slug":"asmens-duomenu-apsauga","status":"publish","type":"page","link":"https:\/\/www.zirmuneliai.vilnius.lm.lt\/?page_id=527","title":{"rendered":"Asmens duomen\u0173 apsauga"},"content":{"rendered":"<p>Vilniaus lop\u0161eliui-dar\u017eeliui \u201c\u017dirm\u016bn\u0117liai\u201d UAB \u201eSDG\u201c teikia duomen\u0173 apsaugos pareig\u016bno (toliau \u2013 DAP) paslaugas.<\/p>\n<p><strong>Duomen\u0173 apsaugos pareig\u016bnas<br \/>\nEl. pa\u0161tas: <\/strong><a href=\"mailto:asmensduomenys@sdg.lt\">asmensduomenys@sdg.lt<\/a><\/p>\n<p><a href=\"http:\/\/www.zirmuneliai.vilnius.lm.lt\/wp-content\/uploads\/2025\/08\/Asmens-duomenu-tvarkymo-taisyklesZ.pdf\">Asmens duomen\u0173 tvarkymo taisykl\u0117s<\/a><\/p>\n","protected":false},"excerpt":{"rendered":"<p>Vilniaus lop\u0161eliui-dar\u017eeliui \u201c\u017dirm\u016bn\u0117liai\u201d UAB \u201eSDG\u201c teikia duomen\u0173 apsaugos pareig\u016bno (toliau \u2013 DAP) paslaugas. Duomen\u0173 apsaugos pareig\u016bnas El. pa\u0161tas: asmensduomenys@sdg.lt Asmens duomen\u0173 tvarkymo taisykl\u0117s<\/p>\n","protected":false},"author":1,"featured_media":0,"parent":1399,"menu_order":6,"comment_status":"closed","ping_status":"closed","template":"","meta":{"footnotes":""},"_links":{"self":[{"href":"https:\/\/www.zirmuneliai.vilnius.lm.lt\/index.php?rest_route=\/wp\/v2\/pages\/527"}],"collection":[{"href":"https:\/\/www.zirmuneliai.vilnius.lm.lt\/index.php?rest_route=\/wp\/v2\/pages"}],"about":[{"href":"https:\/\/www.zirmuneliai.vilnius.lm.lt\/index.php?rest_route=\/wp\/v2\/types\/page"}],"author":[{"embeddable":true,"href":"https:\/\/www.zirmuneliai.vilnius.lm.lt\/index.php?rest_route=\/wp\/v2\/users\/1"}],"replies":[{"embeddable":true,"href":"https:\/\/www.zirmuneliai.vilnius.lm.lt\/index.php?rest_route=%2Fwp%2Fv2%2Fcomments&post=527"}],"version-history":[{"count":3,"href":"https:\/\/www.zirmuneliai.vilnius.lm.lt\/index.php?rest_route=\/wp\/v2\/pages\/527\/revisions"}],"predecessor-version":[{"id":1818,"href":"https:\/\/www.zirmuneliai.vilnius.lm.lt\/index.php?rest_route=\/wp\/v2\/pages\/527\/revisions\/1818"}],"up":[{"embeddable":true,"href":"https:\/\/www.zirmuneliai.vilnius.lm.lt\/index.php?rest_route=\/wp\/v2\/pages\/1399"}],"wp:attachment":[{"href":"https:\/\/www.zirmuneliai.vilnius.lm.lt\/index.php?rest_route=%2Fwp%2Fv2%2Fmedia&parent=527"}],"curies":[{"name":"wp","href":"https:\/\/api.w.org\/{rel}","templated":true}]}}